{"id":28,"date":"2026-02-09T13:10:45","date_gmt":"2026-02-09T12:10:45","guid":{"rendered":"https:\/\/zadarmo.online\/?page_id=28"},"modified":"2026-02-18T13:26:27","modified_gmt":"2026-02-18T12:26:27","slug":"zadarmo-online-darmowe-ogloszenia","status":"publish","type":"page","link":"https:\/\/zadarmo.online\/","title":{"rendered":"ZADARMO.ONLINE"},"content":{"rendered":"<div class=\"yoast-breadcrumbs\"><span><span><a href=\"https:\/\/zadarmo.online\/\">Home<\/a><\/span> \u00bb <span class=\"breadcrumb_last\" aria-current=\"page\">ZADARMO.ONLINE<\/span><\/span><\/div>\n\n<p>\u00a0<\/p>\n<p style=\"text-align: center;\"><strong>Masz do\u015b\u0107 portali, kt\u00f3re pobieraj\u0105 prowizj\u0119 od ka\u017cdej sprzeda\u017cy?<\/strong><br \/><strong>zadarmo.online<\/strong> promujemy lokalny handel bez ukrytych koszt\u00f3w.<\/p>\n<p style=\"text-align: center;\"><strong>Start ju\u017c wkr\u00f3tce<br \/><br \/><\/strong><\/p>\n<p style=\"text-align: center;\"><img decoding=\"async\" style=\"max-width: 100%; height: auto;\" src=\"https:\/\/zadarmo.online\/wp-content\/uploads\/2026\/02\/mockup_done_1.png\" alt=\"\" \/><\/p>\n\n\n<p><\/p>\n","protected":false},"excerpt":{"rendered":"<p>\u00a0 Masz do\u015b\u0107 portali, kt\u00f3re pobieraj\u0105 prowizj\u0119 od ka\u017cdej sprzeda\u017cy?zadarmo.online promujemy lokalny handel bez ukrytych koszt\u00f3w. Start ju\u017c wkr\u00f3tce<\/p>\n","protected":false},"author":1,"featured_media":0,"parent":0,"menu_order":0,"comment_status":"closed","ping_status":"closed","template":"","meta":{"footnotes":""},"class_list":["post-28","page","type-page","status-publish","hentry"],"yoast_head":"<!-- This site is optimized with the Yoast SEO plugin v26.9 - https:\/\/yoast.com\/product\/yoast-seo-wordpress\/ -->\n<title>ZADARMO.ONLINE - WWW.ZADARMO.ONLINE<\/title>\n<meta name=\"description\" content=\"&quot;Zadarmo.online \u2013 Tu wystawiasz bez op\u0142at, prowizji i haczyk\u00f3w!&quot;Masz rzeczy, kt\u00f3rych ju\u017c nie potrzebujesz? A mo\u017ce szukasz okazji w swojej okolicy? Do\u0142\u0105cz do spo\u0142eczno\u015bci, kt\u00f3ra nie p\u0142aci za wystawianie og\u0142osze\u0144. Prosto, szybko i zawsze za darmo. Sprzedawaj, oddawaj i zamieniaj si\u0119 bez zb\u0119dnych koszt\u00f3w. Twoje og\u0142oszenie, Twoje zasady, zero prowizji. &quot;Wszystko, czego szukasz, jest tu\u017c za rogiem. Sprawd\u017a lokalne okazje na zadarmo.online.&quot;\" \/>\n<meta name=\"robots\" content=\"index, follow, max-snippet:-1, max-image-preview:large, max-video-preview:-1\" \/>\n<link rel=\"canonical\" href=\"https:\/\/zadarmo.online\/\" \/>\n<meta property=\"og:locale\" content=\"en_US\" \/>\n<meta property=\"og:type\" content=\"article\" \/>\n<meta property=\"og:title\" content=\"ZADARMO.ONLINE - WWW.ZADARMO.ONLINE\" \/>\n<meta property=\"og:description\" content=\"&quot;Zadarmo.online \u2013 Tu wystawiasz bez op\u0142at, prowizji i haczyk\u00f3w!&quot;Masz rzeczy, kt\u00f3rych ju\u017c nie potrzebujesz? A mo\u017ce szukasz okazji w swojej okolicy? Do\u0142\u0105cz do spo\u0142eczno\u015bci, kt\u00f3ra nie p\u0142aci za wystawianie og\u0142osze\u0144. Prosto, szybko i zawsze za darmo. Sprzedawaj, oddawaj i zamieniaj si\u0119 bez zb\u0119dnych koszt\u00f3w. Twoje og\u0142oszenie, Twoje zasady, zero prowizji. &quot;Wszystko, czego szukasz, jest tu\u017c za rogiem. Sprawd\u017a lokalne okazje na zadarmo.online.&quot;\" \/>\n<meta property=\"og:url\" content=\"https:\/\/zadarmo.online\/\" \/>\n<meta property=\"og:site_name\" content=\"WWW.ZADARMO.ONLINE\" \/>\n<meta property=\"article:modified_time\" content=\"2026-02-18T12:26:27+00:00\" \/>\n<meta property=\"og:image\" content=\"https:\/\/zadarmo.online\/wp-content\/uploads\/2026\/02\/mockup_done_1.png\" \/>\n<meta name=\"twitter:label1\" content=\"Est. reading time\" \/>\n\t<meta name=\"twitter:data1\" content=\"1 minute\" \/>\n<script type=\"application\/ld+json\" class=\"yoast-schema-graph\">{\"@context\":\"https:\/\/schema.org\",\"@graph\":[{\"@type\":\"WebPage\",\"@id\":\"https:\/\/zadarmo.online\/\",\"url\":\"https:\/\/zadarmo.online\/\",\"name\":\"ZADARMO.ONLINE - WWW.ZADARMO.ONLINE\",\"isPartOf\":{\"@id\":\"https:\/\/zadarmo.online\/#website\"},\"primaryImageOfPage\":{\"@id\":\"https:\/\/zadarmo.online\/#primaryimage\"},\"image\":{\"@id\":\"https:\/\/zadarmo.online\/#primaryimage\"},\"thumbnailUrl\":\"https:\/\/zadarmo.online\/wp-content\/uploads\/2026\/02\/mockup_done_1.png\",\"datePublished\":\"2026-02-09T12:10:45+00:00\",\"dateModified\":\"2026-02-18T12:26:27+00:00\",\"description\":\"\\\"Zadarmo.online \u2013 Tu wystawiasz bez op\u0142at, prowizji i haczyk\u00f3w!\\\"Masz rzeczy, kt\u00f3rych ju\u017c nie potrzebujesz? A mo\u017ce szukasz okazji w swojej okolicy? Do\u0142\u0105cz do spo\u0142eczno\u015bci, kt\u00f3ra nie p\u0142aci za wystawianie og\u0142osze\u0144. Prosto, szybko i zawsze za darmo. Sprzedawaj, oddawaj i zamieniaj si\u0119 bez zb\u0119dnych koszt\u00f3w. Twoje og\u0142oszenie, Twoje zasady, zero prowizji. \\\"Wszystko, czego szukasz, jest tu\u017c za rogiem. Sprawd\u017a lokalne okazje na zadarmo.online.\\\"\",\"breadcrumb\":{\"@id\":\"https:\/\/zadarmo.online\/#breadcrumb\"},\"inLanguage\":\"en-US\",\"potentialAction\":[{\"@type\":\"ReadAction\",\"target\":[\"https:\/\/zadarmo.online\/\"]}]},{\"@type\":\"ImageObject\",\"inLanguage\":\"en-US\",\"@id\":\"https:\/\/zadarmo.online\/#primaryimage\",\"url\":\"https:\/\/zadarmo.online\/wp-content\/uploads\/2026\/02\/mockup_done_1.png\",\"contentUrl\":\"https:\/\/zadarmo.online\/wp-content\/uploads\/2026\/02\/mockup_done_1.png\",\"width\":1536,\"height\":1024},{\"@type\":\"BreadcrumbList\",\"@id\":\"https:\/\/zadarmo.online\/#breadcrumb\",\"itemListElement\":[{\"@type\":\"ListItem\",\"position\":1,\"name\":\"Home\",\"item\":\"https:\/\/zadarmo.online\/\"},{\"@type\":\"ListItem\",\"position\":2,\"name\":\"ZADARMO.ONLINE\"}]},{\"@type\":\"WebSite\",\"@id\":\"https:\/\/zadarmo.online\/#website\",\"url\":\"https:\/\/zadarmo.online\/\",\"name\":\"WWW.ZADARMO.ONLINE\",\"description\":\"Ju\u017c wkr\u00f3tce wielkie otwarcie strony WWW.ZADARMO.ONLINE\",\"publisher\":{\"@id\":\"https:\/\/zadarmo.online\/#organization\"},\"potentialAction\":[{\"@type\":\"SearchAction\",\"target\":{\"@type\":\"EntryPoint\",\"urlTemplate\":\"https:\/\/zadarmo.online\/?s={search_term_string}\"},\"query-input\":{\"@type\":\"PropertyValueSpecification\",\"valueRequired\":true,\"valueName\":\"search_term_string\"}}],\"inLanguage\":\"en-US\"},{\"@type\":\"Organization\",\"@id\":\"https:\/\/zadarmo.online\/#organization\",\"name\":\"WWW.ZADARMO.ONLINE\",\"url\":\"https:\/\/zadarmo.online\/\",\"logo\":{\"@type\":\"ImageObject\",\"inLanguage\":\"en-US\",\"@id\":\"https:\/\/zadarmo.online\/#\/schema\/logo\/image\/\",\"url\":\"\",\"contentUrl\":\"\",\"caption\":\"WWW.ZADARMO.ONLINE\"},\"image\":{\"@id\":\"https:\/\/zadarmo.online\/#\/schema\/logo\/image\/\"}}]}<\/script>\n<!-- \/ Yoast SEO plugin. -->","yoast_head_json":{"title":"ZADARMO.ONLINE - WWW.ZADARMO.ONLINE","description":"\"Zadarmo.online \u2013 Tu wystawiasz bez op\u0142at, prowizji i haczyk\u00f3w!\"Masz rzeczy, kt\u00f3rych ju\u017c nie potrzebujesz? A mo\u017ce szukasz okazji w swojej okolicy? Do\u0142\u0105cz do spo\u0142eczno\u015bci, kt\u00f3ra nie p\u0142aci za wystawianie og\u0142osze\u0144. Prosto, szybko i zawsze za darmo. Sprzedawaj, oddawaj i zamieniaj si\u0119 bez zb\u0119dnych koszt\u00f3w. Twoje og\u0142oszenie, Twoje zasady, zero prowizji. \"Wszystko, czego szukasz, jest tu\u017c za rogiem. Sprawd\u017a lokalne okazje na zadarmo.online.\"","robots":{"index":"index","follow":"follow","max-snippet":"max-snippet:-1","max-image-preview":"max-image-preview:large","max-video-preview":"max-video-preview:-1"},"canonical":"https:\/\/zadarmo.online\/","og_locale":"en_US","og_type":"article","og_title":"ZADARMO.ONLINE - WWW.ZADARMO.ONLINE","og_description":"\"Zadarmo.online \u2013 Tu wystawiasz bez op\u0142at, prowizji i haczyk\u00f3w!\"Masz rzeczy, kt\u00f3rych ju\u017c nie potrzebujesz? A mo\u017ce szukasz okazji w swojej okolicy? Do\u0142\u0105cz do spo\u0142eczno\u015bci, kt\u00f3ra nie p\u0142aci za wystawianie og\u0142osze\u0144. Prosto, szybko i zawsze za darmo. Sprzedawaj, oddawaj i zamieniaj si\u0119 bez zb\u0119dnych koszt\u00f3w. Twoje og\u0142oszenie, Twoje zasady, zero prowizji. \"Wszystko, czego szukasz, jest tu\u017c za rogiem. Sprawd\u017a lokalne okazje na zadarmo.online.\"","og_url":"https:\/\/zadarmo.online\/","og_site_name":"WWW.ZADARMO.ONLINE","article_modified_time":"2026-02-18T12:26:27+00:00","og_image":[{"url":"https:\/\/zadarmo.online\/wp-content\/uploads\/2026\/02\/mockup_done_1.png","type":"","width":"","height":""}],"twitter_misc":{"Est. reading time":"1 minute"},"schema":{"@context":"https:\/\/schema.org","@graph":[{"@type":"WebPage","@id":"https:\/\/zadarmo.online\/","url":"https:\/\/zadarmo.online\/","name":"ZADARMO.ONLINE - WWW.ZADARMO.ONLINE","isPartOf":{"@id":"https:\/\/zadarmo.online\/#website"},"primaryImageOfPage":{"@id":"https:\/\/zadarmo.online\/#primaryimage"},"image":{"@id":"https:\/\/zadarmo.online\/#primaryimage"},"thumbnailUrl":"https:\/\/zadarmo.online\/wp-content\/uploads\/2026\/02\/mockup_done_1.png","datePublished":"2026-02-09T12:10:45+00:00","dateModified":"2026-02-18T12:26:27+00:00","description":"\"Zadarmo.online \u2013 Tu wystawiasz bez op\u0142at, prowizji i haczyk\u00f3w!\"Masz rzeczy, kt\u00f3rych ju\u017c nie potrzebujesz? A mo\u017ce szukasz okazji w swojej okolicy? Do\u0142\u0105cz do spo\u0142eczno\u015bci, kt\u00f3ra nie p\u0142aci za wystawianie og\u0142osze\u0144. Prosto, szybko i zawsze za darmo. Sprzedawaj, oddawaj i zamieniaj si\u0119 bez zb\u0119dnych koszt\u00f3w. Twoje og\u0142oszenie, Twoje zasady, zero prowizji. \"Wszystko, czego szukasz, jest tu\u017c za rogiem. Sprawd\u017a lokalne okazje na zadarmo.online.\"","breadcrumb":{"@id":"https:\/\/zadarmo.online\/#breadcrumb"},"inLanguage":"en-US","potentialAction":[{"@type":"ReadAction","target":["https:\/\/zadarmo.online\/"]}]},{"@type":"ImageObject","inLanguage":"en-US","@id":"https:\/\/zadarmo.online\/#primaryimage","url":"https:\/\/zadarmo.online\/wp-content\/uploads\/2026\/02\/mockup_done_1.png","contentUrl":"https:\/\/zadarmo.online\/wp-content\/uploads\/2026\/02\/mockup_done_1.png","width":1536,"height":1024},{"@type":"BreadcrumbList","@id":"https:\/\/zadarmo.online\/#breadcrumb","itemListElement":[{"@type":"ListItem","position":1,"name":"Home","item":"https:\/\/zadarmo.online\/"},{"@type":"ListItem","position":2,"name":"ZADARMO.ONLINE"}]},{"@type":"WebSite","@id":"https:\/\/zadarmo.online\/#website","url":"https:\/\/zadarmo.online\/","name":"WWW.ZADARMO.ONLINE","description":"Ju\u017c wkr\u00f3tce wielkie otwarcie strony WWW.ZADARMO.ONLINE","publisher":{"@id":"https:\/\/zadarmo.online\/#organization"},"potentialAction":[{"@type":"SearchAction","target":{"@type":"EntryPoint","urlTemplate":"https:\/\/zadarmo.online\/?s={search_term_string}"},"query-input":{"@type":"PropertyValueSpecification","valueRequired":true,"valueName":"search_term_string"}}],"inLanguage":"en-US"},{"@type":"Organization","@id":"https:\/\/zadarmo.online\/#organization","name":"WWW.ZADARMO.ONLINE","url":"https:\/\/zadarmo.online\/","logo":{"@type":"ImageObject","inLanguage":"en-US","@id":"https:\/\/zadarmo.online\/#\/schema\/logo\/image\/","url":"","contentUrl":"","caption":"WWW.ZADARMO.ONLINE"},"image":{"@id":"https:\/\/zadarmo.online\/#\/schema\/logo\/image\/"}}]}},"_links":{"self":[{"href":"https:\/\/zadarmo.online\/index.php?rest_route=\/wp\/v2\/pages\/28","targetHints":{"allow":["GET"]}}],"collection":[{"href":"https:\/\/zadarmo.online\/index.php?rest_route=\/wp\/v2\/pages"}],"about":[{"href":"https:\/\/zadarmo.online\/index.php?rest_route=\/wp\/v2\/types\/page"}],"author":[{"embeddable":true,"href":"https:\/\/zadarmo.online\/index.php?rest_route=\/wp\/v2\/users\/1"}],"replies":[{"embeddable":true,"href":"https:\/\/zadarmo.online\/index.php?rest_route=%2Fwp%2Fv2%2Fcomments&post=28"}],"version-history":[{"count":4,"href":"https:\/\/zadarmo.online\/index.php?rest_route=\/wp\/v2\/pages\/28\/revisions"}],"predecessor-version":[{"id":184,"href":"https:\/\/zadarmo.online\/index.php?rest_route=\/wp\/v2\/pages\/28\/revisions\/184"}],"wp:attachment":[{"href":"https:\/\/zadarmo.online\/index.php?rest_route=%2Fwp%2Fv2%2Fmedia&parent=28"}],"curies":[{"name":"wp","href":"https:\/\/api.w.org\/{rel}","templated":true}]}}